{"id":80,"date":"2025-06-20T14:02:39","date_gmt":"2025-06-20T12:02:39","guid":{"rendered":"https:\/\/horizons-octane.fr\/?page_id=80"},"modified":"2025-06-20T14:16:09","modified_gmt":"2025-06-20T12:16:09","slug":"accueil","status":"publish","type":"page","link":"https:\/\/horizons-octane.fr\/index.php\/accueil\/","title":{"rendered":"Accueil"},"content":{"rendered":"\n<div class=\"wp-block-jetpack-slideshow aligncenter\" data-effect=\"slide\"><div class=\"wp-block-jetpack-slideshow_container swiper-container\"><ul class=\"wp-block-jetpack-slideshow_swiper-wrapper swiper-wrapper\"><li class=\"wp-block-jetpack-slideshow_slide swiper-slide\"><figure><img loading=\"lazy\" decoding=\"async\" width=\"683\" height=\"1024\" alt=\"\" class=\"wp-block-jetpack-slideshow_image wp-image-49\" data-id=\"49\" src=\"https:\/\/horizons-octane.fr\/wp-content\/uploads\/2025\/06\/Horizons-Octane-A-Propos_-683x1024.jpg\" srcset=\"https:\/\/horizons-octane.fr\/wp-content\/uploads\/2025\/06\/Horizons-Octane-A-Propos_-683x1024.jpg 683w, https:\/\/horizons-octane.fr\/wp-content\/uploads\/2025\/06\/Horizons-Octane-A-Propos_-200x300.jpg 200w, https:\/\/horizons-octane.fr\/wp-content\/uploads\/2025\/06\/Horizons-Octane-A-Propos_-768x1152.jpg 768w, https:\/\/horizons-octane.fr\/wp-content\/uploads\/2025\/06\/Horizons-Octane-A-Propos_-1024x1536.jpg 1024w, https:\/\/horizons-octane.fr\/wp-content\/uploads\/2025\/06\/Horizons-Octane-A-Propos_.jpg 1080w\" sizes=\"(max-width: 683px) 100vw, 683px\" \/><figcaption class=\"wp-block-jetpack-slideshow_caption gallery-caption\">L&rsquo;\u00e9t\u00e9<\/figcaption><\/figure><\/li><li class=\"wp-block-jetpack-slideshow_slide swiper-slide\"><figure><img loading=\"lazy\" decoding=\"async\" width=\"1024\" height=\"584\" alt=\"\" class=\"wp-block-jetpack-slideshow_image wp-image-46\" data-id=\"46\" src=\"https:\/\/horizons-octane.fr\/wp-content\/uploads\/2025\/06\/Horizons-Octane-A-Propos_-2-1024x584.jpg\" srcset=\"https:\/\/horizons-octane.fr\/wp-content\/uploads\/2025\/06\/Horizons-Octane-A-Propos_-2-1024x584.jpg 1024w, https:\/\/horizons-octane.fr\/wp-content\/uploads\/2025\/06\/Horizons-Octane-A-Propos_-2-300x171.jpg 300w, https:\/\/horizons-octane.fr\/wp-content\/uploads\/2025\/06\/Horizons-Octane-A-Propos_-2-768x438.jpg 768w, https:\/\/horizons-octane.fr\/wp-content\/uploads\/2025\/06\/Horizons-Octane-A-Propos_-2-1536x875.jpg 1536w, https:\/\/horizons-octane.fr\/wp-content\/uploads\/2025\/06\/Horizons-Octane-A-Propos_-2-1140x650.jpg 1140w, https:\/\/horizons-octane.fr\/wp-content\/uploads\/2025\/06\/Horizons-Octane-A-Propos_-2.jpg 1895w\" sizes=\"(max-width: 1024px) 100vw, 1024px\" \/><figcaption class=\"wp-block-jetpack-slideshow_caption gallery-caption\">L&rsquo;auto<\/figcaption><\/figure><\/li><li class=\"wp-block-jetpack-slideshow_slide swiper-slide\"><figure><img loading=\"lazy\" decoding=\"async\" width=\"1024\" height=\"683\" alt=\"\" class=\"wp-block-jetpack-slideshow_image wp-image-9\" data-id=\"9\" src=\"https:\/\/horizons-octane.fr\/wp-content\/uploads\/2025\/06\/8L2A5458-1024x683.jpg\" srcset=\"https:\/\/horizons-octane.fr\/wp-content\/uploads\/2025\/06\/8L2A5458-1024x683.jpg 1024w, https:\/\/horizons-octane.fr\/wp-content\/uploads\/2025\/06\/8L2A5458-300x200.jpg 300w, https:\/\/horizons-octane.fr\/wp-content\/uploads\/2025\/06\/8L2A5458-768x512.jpg 768w, https:\/\/horizons-octane.fr\/wp-content\/uploads\/2025\/06\/8L2A5458-1536x1024.jpg 1536w, https:\/\/horizons-octane.fr\/wp-content\/uploads\/2025\/06\/8L2A5458-2048x1365.jpg 2048w, https:\/\/horizons-octane.fr\/wp-content\/uploads\/2025\/06\/8L2A5458-1140x760.jpg 1140w\" sizes=\"(max-width: 1024px) 100vw, 1024px\" \/><figcaption class=\"wp-block-jetpack-slideshow_caption gallery-caption\">La Mer<\/figcaption><\/figure><\/li><li class=\"wp-block-jetpack-slideshow_slide swiper-slide\"><figure><img loading=\"lazy\" decoding=\"async\" width=\"1024\" height=\"683\" alt=\"\" class=\"wp-block-jetpack-slideshow_image wp-image-84\" data-id=\"84\" src=\"https:\/\/horizons-octane.fr\/wp-content\/uploads\/2025\/06\/8L2A5421-1024x683.jpg\" srcset=\"https:\/\/horizons-octane.fr\/wp-content\/uploads\/2025\/06\/8L2A5421-1024x683.jpg 1024w, https:\/\/horizons-octane.fr\/wp-content\/uploads\/2025\/06\/8L2A5421-300x200.jpg 300w, https:\/\/horizons-octane.fr\/wp-content\/uploads\/2025\/06\/8L2A5421-768x512.jpg 768w, https:\/\/horizons-octane.fr\/wp-content\/uploads\/2025\/06\/8L2A5421-1536x1024.jpg 1536w, https:\/\/horizons-octane.fr\/wp-content\/uploads\/2025\/06\/8L2A5421-2048x1365.jpg 2048w, https:\/\/horizons-octane.fr\/wp-content\/uploads\/2025\/06\/8L2A5421-1140x760.jpg 1140w\" sizes=\"(max-width: 1024px) 100vw, 1024px\" \/><figcaption class=\"wp-block-jetpack-slideshow_caption gallery-caption\">Et encore plus de mer ! <\/figcaption><\/figure><\/li><\/ul><a class=\"wp-block-jetpack-slideshow_button-prev swiper-button-prev swiper-button-white\" role=\"button\"><\/a><a class=\"wp-block-jetpack-slideshow_button-next swiper-button-next swiper-button-white\" role=\"button\"><\/a><a aria-label=\"Pause Slideshow\" class=\"wp-block-jetpack-slideshow_button-pause\" role=\"button\"><\/a><div class=\"wp-block-jetpack-slideshow_pagination swiper-pagination swiper-pagination-white\"><\/div><\/div><\/div>\n\n\n\n<h2 class=\"wp-block-heading has-text-align-center\"><strong><em>Horizons &amp; Octane &#8211; Exploration visuelles et m\u00e9morable<\/em><\/strong><\/h2>\n\n\n\n<blockquote class=\"wp-block-quote is-layout-flow wp-block-quote-is-layout-flow\">\n<p class=\"wp-block-paragraph\"><strong><em>Prendre la route, c\u2019est parfois plus qu\u2019un d\u00e9placement : c\u2019est une mani\u00e8re de ralentir, de ressentir, de red\u00e9couvrir.<\/em><\/strong><\/p>\n\n\n\n<p class=\"wp-block-paragraph\"><em>Horizons &amp; Octane<\/em> est n\u00e9 de cette envie \u2014 d\u2019un \u0153il attentif et passionn\u00e9 \u2014 des paysages qui nous entourent. Entre lumi\u00e8re dor\u00e9e d\u2019un matin de brume et laisser le moteur ronronner sur l&rsquo;asphalte, ou le silence d\u2019un point de vue oubli\u00e9, ce blog vous invite \u00e0 conjuguer voyage, photographie et automobile autrement.<\/p>\n\n\n\n<p class=\"wp-block-paragraph\">Ici, pas de to-do lists fr\u00e9n\u00e9tiques, mais des suggestions d\u2019escapades, des carnets de route sensoriels, des images prises au bon moment, et un certain go\u00fbt pour l\u2019\u00e9l\u00e9gance simple.<\/p>\n\n\n\n<p class=\"wp-block-paragraph\"><strong>Bienvenue sur la route. Faites comme chez vous.<\/strong><\/p>\n<\/blockquote>\n\n\n\n<div class=\"wp-block-columns is-layout-flex wp-container-core-columns-is-layout-8f761849 wp-block-columns-is-layout-flex\">\n<div class=\"wp-block-column is-layout-flow wp-block-column-is-layout-flow\">\n<figure class=\"wp-block-image size-full\"><a href=\"https:\/\/horizons-octane.fr\/index.php\/category\/escapades-roadtrip\/\"><img loading=\"lazy\" decoding=\"async\" width=\"1080\" height=\"1920\" src=\"https:\/\/horizons-octane.fr\/wp-content\/uploads\/2025\/06\/Horizons.png\" alt=\"\" class=\"wp-image-81\" srcset=\"https:\/\/horizons-octane.fr\/wp-content\/uploads\/2025\/06\/Horizons.png 1080w, https:\/\/horizons-octane.fr\/wp-content\/uploads\/2025\/06\/Horizons-169x300.png 169w, https:\/\/horizons-octane.fr\/wp-content\/uploads\/2025\/06\/Horizons-576x1024.png 576w, https:\/\/horizons-octane.fr\/wp-content\/uploads\/2025\/06\/Horizons-768x1365.png 768w, https:\/\/horizons-octane.fr\/wp-content\/uploads\/2025\/06\/Horizons-864x1536.png 864w\" sizes=\"auto, (max-width: 1080px) 100vw, 1080px\" \/><\/a><\/figure>\n<\/div>\n\n\n\n<div class=\"wp-block-column is-layout-flow wp-block-column-is-layout-flow\">\n<figure class=\"wp-block-image size-full\"><a href=\"https:\/\/horizons-octane.fr\/index.php\/category\/photographie\/\"><img loading=\"lazy\" decoding=\"async\" width=\"1080\" height=\"1920\" src=\"https:\/\/horizons-octane.fr\/wp-content\/uploads\/2025\/06\/Horizons-1.png\" alt=\"\" class=\"wp-image-82\" srcset=\"https:\/\/horizons-octane.fr\/wp-content\/uploads\/2025\/06\/Horizons-1.png 1080w, https:\/\/horizons-octane.fr\/wp-content\/uploads\/2025\/06\/Horizons-1-169x300.png 169w, https:\/\/horizons-octane.fr\/wp-content\/uploads\/2025\/06\/Horizons-1-576x1024.png 576w, https:\/\/horizons-octane.fr\/wp-content\/uploads\/2025\/06\/Horizons-1-768x1365.png 768w, https:\/\/horizons-octane.fr\/wp-content\/uploads\/2025\/06\/Horizons-1-864x1536.png 864w\" sizes=\"auto, (max-width: 1080px) 100vw, 1080px\" \/><\/a><\/figure>\n<\/div>\n\n\n\n<div class=\"wp-block-column is-layout-flow wp-block-column-is-layout-flow\">\n<figure class=\"wp-block-image size-full\"><a href=\"https:\/\/horizons-octane.fr\/index.php\/category\/passion-automobile\/\"><img loading=\"lazy\" decoding=\"async\" width=\"1080\" height=\"1920\" src=\"https:\/\/horizons-octane.fr\/wp-content\/uploads\/2025\/06\/Horizons-2.png\" alt=\"\" class=\"wp-image-83\" srcset=\"https:\/\/horizons-octane.fr\/wp-content\/uploads\/2025\/06\/Horizons-2.png 1080w, https:\/\/horizons-octane.fr\/wp-content\/uploads\/2025\/06\/Horizons-2-169x300.png 169w, https:\/\/horizons-octane.fr\/wp-content\/uploads\/2025\/06\/Horizons-2-576x1024.png 576w, https:\/\/horizons-octane.fr\/wp-content\/uploads\/2025\/06\/Horizons-2-768x1365.png 768w, https:\/\/horizons-octane.fr\/wp-content\/uploads\/2025\/06\/Horizons-2-864x1536.png 864w\" sizes=\"auto, (max-width: 1080px) 100vw, 1080px\" \/><\/a><\/figure>\n<\/div>\n<\/div>\n\n\n<ul class=\"wp-block-latest-posts__list wp-block-latest-posts\"><li><a class=\"wp-block-latest-posts__post-title\" href=\"https:\/\/horizons-octane.fr\/index.php\/2025\/06\/20\/circuit-de-memoire-dans-la-somme-balade-entre-nature-et-histoire\/\">Circuit de m\u00e9moire dans la Somme : balade entre nature et histoire<\/a><\/li>\n<\/ul>\n\n\n<blockquote class=\"wp-block-quote is-layout-flow wp-block-quote-is-layout-flow\">\n<p class=\"has-text-align-center wp-block-paragraph\"><em><strong>Certains tournent en rond, d&rsquo;autres partent \u00e0 l&rsquo;aventure ! <\/strong><\/em><\/p>\n<\/blockquote>\n\n\n\n<h2 class=\"wp-block-heading has-text-align-center\">Et pour en savoir plus<\/h2>\n\n\n\n<ul class=\"wp-block-list\">\n<li><a href=\"https:\/\/horizons-octane.fr\/index.php\/a-propos\/\"><em>A propos<\/em><\/a><\/li>\n\n\n\n<li><a href=\"https:\/\/horizons-octane.fr\/index.php\/me-contacter\/\"><em>Me contacter<\/em><\/a><\/li>\n\n\n\n<li>S&rsquo;abonner \u00e0 la Newsletter (\u00e0 venir.). <\/li>\n<\/ul>\n\n\n\n<p class=\"wp-block-paragraph\"><\/p>\n","protected":false},"excerpt":{"rendered":"<p>Horizons &amp; Octane &#8211; Exploration visuelles et m\u00e9morable Prendre la route, c\u2019est parfois plus qu\u2019un d\u00e9placement : c\u2019est une mani\u00e8re de ralentir, de ressentir, de red\u00e9couvrir. Horizons &amp; Octane est n\u00e9 de cette envie \u2014 d\u2019un \u0153il attentif et passionn\u00e9 \u2014 des paysages qui nous entourent. Entre lumi\u00e8re dor\u00e9e d\u2019un matin de brume et laisser le moteur ronronner sur l&rsquo;asphalte, ou le silence d\u2019un point de vue oubli\u00e9, ce blog vous invite \u00e0 conjuguer voyage, photographie et automobile autrement. Ici, pas de to-do lists fr\u00e9n\u00e9tiques, mais des suggestions d\u2019escapades, des carnets de route sensoriels, des images prises au bon moment, et un certain go\u00fbt pour l\u2019\u00e9l\u00e9gance simple. Bienvenue sur la route. Faites comme chez vous. Certains tournent en rond, d&rsquo;autres partent \u00e0 l&rsquo;aventure ! Et pour en savoir plus<\/p>\n","protected":false},"author":1,"featured_media":0,"parent":0,"menu_order":0,"comment_status":"closed","ping_status":"closed","template":"","meta":{"_crdt_document":"","footnotes":""},"class_list":["post-80","page","type-page","status-publish","hentry"],"yoast_head":"<!-- This site is optimized with the Yoast SEO plugin v27.3 - https:\/\/yoast.com\/product\/yoast-seo-wordpress\/ -->\n<title>Accueil - Horizons &amp; Octane<\/title>\n<meta name=\"description\" content=\"Blog d\u2019inspiration m\u00ealant voyage, photographie et passion automobile. Prenez la poudre d&#039;escampette, en mode road trip, escapades !\" \/>\n<meta name=\"robots\" content=\"index, follow, max-snippet:-1, max-image-preview:large, max-video-preview:-1\" \/>\n<link rel=\"canonical\" href=\"https:\/\/horizons-octane.fr\/index.php\/accueil\/\" \/>\n<meta property=\"og:locale\" content=\"fr_FR\" \/>\n<meta property=\"og:type\" content=\"article\" \/>\n<meta property=\"og:title\" content=\"Accueil - Horizons &amp; Octane\" \/>\n<meta property=\"og:description\" content=\"Blog d\u2019inspiration m\u00ealant voyage, photographie et passion automobile. Prenez la poudre d&#039;escampette, en mode road trip, escapades !\" \/>\n<meta property=\"og:url\" content=\"https:\/\/horizons-octane.fr\/index.php\/accueil\/\" \/>\n<meta property=\"og:site_name\" content=\"Horizons &amp; Octane\" \/>\n<meta property=\"article:modified_time\" content=\"2025-06-20T12:16:09+00:00\" \/>\n<meta property=\"og:image\" content=\"http:\/\/horizons-octane.fr\/wp-content\/uploads\/2025\/06\/Horizons-Octane-A-Propos_-683x1024.jpg\" \/>\n<meta name=\"twitter:card\" content=\"summary_large_image\" \/>\n<meta name=\"twitter:label1\" content=\"Dur\u00e9e de lecture estim\u00e9e\" \/>\n\t<meta name=\"twitter:data1\" content=\"2 minutes\" \/>\n<script type=\"application\/ld+json\" class=\"yoast-schema-graph\">{\"@context\":\"https:\\\/\\\/schema.org\",\"@graph\":[{\"@type\":\"WebPage\",\"@id\":\"https:\\\/\\\/horizons-octane.fr\\\/index.php\\\/accueil\\\/\",\"url\":\"https:\\\/\\\/horizons-octane.fr\\\/index.php\\\/accueil\\\/\",\"name\":\"Accueil - Horizons &amp; Octane\",\"isPartOf\":{\"@id\":\"https:\\\/\\\/horizons-octane.fr\\\/#website\"},\"primaryImageOfPage\":{\"@id\":\"https:\\\/\\\/horizons-octane.fr\\\/index.php\\\/accueil\\\/#primaryimage\"},\"image\":{\"@id\":\"https:\\\/\\\/horizons-octane.fr\\\/index.php\\\/accueil\\\/#primaryimage\"},\"thumbnailUrl\":\"http:\\\/\\\/horizons-octane.fr\\\/wp-content\\\/uploads\\\/2025\\\/06\\\/Horizons-Octane-A-Propos_-683x1024.jpg\",\"datePublished\":\"2025-06-20T12:02:39+00:00\",\"dateModified\":\"2025-06-20T12:16:09+00:00\",\"description\":\"Blog d\u2019inspiration m\u00ealant voyage, photographie et passion automobile. Prenez la poudre d'escampette, en mode road trip, escapades !\",\"breadcrumb\":{\"@id\":\"https:\\\/\\\/horizons-octane.fr\\\/index.php\\\/accueil\\\/#breadcrumb\"},\"inLanguage\":\"fr-FR\",\"potentialAction\":[{\"@type\":\"ReadAction\",\"target\":[\"https:\\\/\\\/horizons-octane.fr\\\/index.php\\\/accueil\\\/\"]}]},{\"@type\":\"ImageObject\",\"inLanguage\":\"fr-FR\",\"@id\":\"https:\\\/\\\/horizons-octane.fr\\\/index.php\\\/accueil\\\/#primaryimage\",\"url\":\"https:\\\/\\\/horizons-octane.fr\\\/wp-content\\\/uploads\\\/2025\\\/06\\\/Horizons-Octane-A-Propos_.jpg\",\"contentUrl\":\"https:\\\/\\\/horizons-octane.fr\\\/wp-content\\\/uploads\\\/2025\\\/06\\\/Horizons-Octane-A-Propos_.jpg\",\"width\":1080,\"height\":1620},{\"@type\":\"BreadcrumbList\",\"@id\":\"https:\\\/\\\/horizons-octane.fr\\\/index.php\\\/accueil\\\/#breadcrumb\",\"itemListElement\":[{\"@type\":\"ListItem\",\"position\":1,\"name\":\"Accueil\",\"item\":\"https:\\\/\\\/horizons-octane.fr\\\/\"},{\"@type\":\"ListItem\",\"position\":2,\"name\":\"Accueil\"}]},{\"@type\":\"WebSite\",\"@id\":\"https:\\\/\\\/horizons-octane.fr\\\/#website\",\"url\":\"https:\\\/\\\/horizons-octane.fr\\\/\",\"name\":\"Horizons & Octane\",\"description\":\"Exploration visuelle et m\u00e9morables\",\"publisher\":{\"@id\":\"https:\\\/\\\/horizons-octane.fr\\\/#\\\/schema\\\/person\\\/bc17e2d50dbfa54f7b5cd2adfcdbf8dc\"},\"potentialAction\":[{\"@type\":\"SearchAction\",\"target\":{\"@type\":\"EntryPoint\",\"urlTemplate\":\"https:\\\/\\\/horizons-octane.fr\\\/?s={search_term_string}\"},\"query-input\":{\"@type\":\"PropertyValueSpecification\",\"valueRequired\":true,\"valueName\":\"search_term_string\"}}],\"inLanguage\":\"fr-FR\"},{\"@type\":[\"Person\",\"Organization\"],\"@id\":\"https:\\\/\\\/horizons-octane.fr\\\/#\\\/schema\\\/person\\\/bc17e2d50dbfa54f7b5cd2adfcdbf8dc\",\"name\":\"Alexandre Bridenne\",\"image\":{\"@type\":\"ImageObject\",\"inLanguage\":\"fr-FR\",\"@id\":\"https:\\\/\\\/horizons-octane.fr\\\/wp-content\\\/uploads\\\/2025\\\/06\\\/cropped-Horizons-Octane-.png\",\"url\":\"https:\\\/\\\/horizons-octane.fr\\\/wp-content\\\/uploads\\\/2025\\\/06\\\/cropped-Horizons-Octane-.png\",\"contentUrl\":\"https:\\\/\\\/horizons-octane.fr\\\/wp-content\\\/uploads\\\/2025\\\/06\\\/cropped-Horizons-Octane-.png\",\"width\":811,\"height\":719,\"caption\":\"Alexandre Bridenne\"},\"logo\":{\"@id\":\"https:\\\/\\\/horizons-octane.fr\\\/wp-content\\\/uploads\\\/2025\\\/06\\\/cropped-Horizons-Octane-.png\"},\"sameAs\":[\"http:\\\/\\\/horizons-octane.fr\"]}]}<\/script>\n<!-- \/ Yoast SEO plugin. -->","yoast_head_json":{"title":"Accueil - Horizons &amp; Octane","description":"Blog d\u2019inspiration m\u00ealant voyage, photographie et passion automobile. Prenez la poudre d'escampette, en mode road trip, escapades !","robots":{"index":"index","follow":"follow","max-snippet":"max-snippet:-1","max-image-preview":"max-image-preview:large","max-video-preview":"max-video-preview:-1"},"canonical":"https:\/\/horizons-octane.fr\/index.php\/accueil\/","og_locale":"fr_FR","og_type":"article","og_title":"Accueil - Horizons &amp; Octane","og_description":"Blog d\u2019inspiration m\u00ealant voyage, photographie et passion automobile. Prenez la poudre d'escampette, en mode road trip, escapades !","og_url":"https:\/\/horizons-octane.fr\/index.php\/accueil\/","og_site_name":"Horizons &amp; Octane","article_modified_time":"2025-06-20T12:16:09+00:00","og_image":[{"url":"http:\/\/horizons-octane.fr\/wp-content\/uploads\/2025\/06\/Horizons-Octane-A-Propos_-683x1024.jpg","type":"","width":"","height":""}],"twitter_card":"summary_large_image","twitter_misc":{"Dur\u00e9e de lecture estim\u00e9e":"2 minutes"},"schema":{"@context":"https:\/\/schema.org","@graph":[{"@type":"WebPage","@id":"https:\/\/horizons-octane.fr\/index.php\/accueil\/","url":"https:\/\/horizons-octane.fr\/index.php\/accueil\/","name":"Accueil - Horizons &amp; Octane","isPartOf":{"@id":"https:\/\/horizons-octane.fr\/#website"},"primaryImageOfPage":{"@id":"https:\/\/horizons-octane.fr\/index.php\/accueil\/#primaryimage"},"image":{"@id":"https:\/\/horizons-octane.fr\/index.php\/accueil\/#primaryimage"},"thumbnailUrl":"http:\/\/horizons-octane.fr\/wp-content\/uploads\/2025\/06\/Horizons-Octane-A-Propos_-683x1024.jpg","datePublished":"2025-06-20T12:02:39+00:00","dateModified":"2025-06-20T12:16:09+00:00","description":"Blog d\u2019inspiration m\u00ealant voyage, photographie et passion automobile. Prenez la poudre d'escampette, en mode road trip, escapades !","breadcrumb":{"@id":"https:\/\/horizons-octane.fr\/index.php\/accueil\/#breadcrumb"},"inLanguage":"fr-FR","potentialAction":[{"@type":"ReadAction","target":["https:\/\/horizons-octane.fr\/index.php\/accueil\/"]}]},{"@type":"ImageObject","inLanguage":"fr-FR","@id":"https:\/\/horizons-octane.fr\/index.php\/accueil\/#primaryimage","url":"https:\/\/horizons-octane.fr\/wp-content\/uploads\/2025\/06\/Horizons-Octane-A-Propos_.jpg","contentUrl":"https:\/\/horizons-octane.fr\/wp-content\/uploads\/2025\/06\/Horizons-Octane-A-Propos_.jpg","width":1080,"height":1620},{"@type":"BreadcrumbList","@id":"https:\/\/horizons-octane.fr\/index.php\/accueil\/#breadcrumb","itemListElement":[{"@type":"ListItem","position":1,"name":"Accueil","item":"https:\/\/horizons-octane.fr\/"},{"@type":"ListItem","position":2,"name":"Accueil"}]},{"@type":"WebSite","@id":"https:\/\/horizons-octane.fr\/#website","url":"https:\/\/horizons-octane.fr\/","name":"Horizons & Octane","description":"Exploration visuelle et m\u00e9morables","publisher":{"@id":"https:\/\/horizons-octane.fr\/#\/schema\/person\/bc17e2d50dbfa54f7b5cd2adfcdbf8dc"},"potentialAction":[{"@type":"SearchAction","target":{"@type":"EntryPoint","urlTemplate":"https:\/\/horizons-octane.fr\/?s={search_term_string}"},"query-input":{"@type":"PropertyValueSpecification","valueRequired":true,"valueName":"search_term_string"}}],"inLanguage":"fr-FR"},{"@type":["Person","Organization"],"@id":"https:\/\/horizons-octane.fr\/#\/schema\/person\/bc17e2d50dbfa54f7b5cd2adfcdbf8dc","name":"Alexandre Bridenne","image":{"@type":"ImageObject","inLanguage":"fr-FR","@id":"https:\/\/horizons-octane.fr\/wp-content\/uploads\/2025\/06\/cropped-Horizons-Octane-.png","url":"https:\/\/horizons-octane.fr\/wp-content\/uploads\/2025\/06\/cropped-Horizons-Octane-.png","contentUrl":"https:\/\/horizons-octane.fr\/wp-content\/uploads\/2025\/06\/cropped-Horizons-Octane-.png","width":811,"height":719,"caption":"Alexandre Bridenne"},"logo":{"@id":"https:\/\/horizons-octane.fr\/wp-content\/uploads\/2025\/06\/cropped-Horizons-Octane-.png"},"sameAs":["http:\/\/horizons-octane.fr"]}]}},"jetpack_sharing_enabled":true,"_links":{"self":[{"href":"https:\/\/horizons-octane.fr\/index.php\/wp-json\/wp\/v2\/pages\/80","targetHints":{"allow":["GET"]}}],"collection":[{"href":"https:\/\/horizons-octane.fr\/index.php\/wp-json\/wp\/v2\/pages"}],"about":[{"href":"https:\/\/horizons-octane.fr\/index.php\/wp-json\/wp\/v2\/types\/page"}],"author":[{"embeddable":true,"href":"https:\/\/horizons-octane.fr\/index.php\/wp-json\/wp\/v2\/users\/1"}],"replies":[{"embeddable":true,"href":"https:\/\/horizons-octane.fr\/index.php\/wp-json\/wp\/v2\/comments?post=80"}],"version-history":[{"count":4,"href":"https:\/\/horizons-octane.fr\/index.php\/wp-json\/wp\/v2\/pages\/80\/revisions"}],"predecessor-version":[{"id":96,"href":"https:\/\/horizons-octane.fr\/index.php\/wp-json\/wp\/v2\/pages\/80\/revisions\/96"}],"wp:attachment":[{"href":"https:\/\/horizons-octane.fr\/index.php\/wp-json\/wp\/v2\/media?parent=80"}],"curies":[{"name":"wp","href":"https:\/\/api.w.org\/{rel}","templated":true}]}}