{"id":41,"date":"2025-06-17T11:51:09","date_gmt":"2025-06-17T09:51:09","guid":{"rendered":"http:\/\/horizons-octane.fr\/?page_id=41"},"modified":"2025-06-17T11:59:40","modified_gmt":"2025-06-17T09:59:40","slug":"a-propos","status":"publish","type":"page","link":"https:\/\/horizons-octane.fr\/index.php\/a-propos\/","title":{"rendered":"A propos"},"content":{"rendered":"\n<h1 class=\"wp-block-heading\">A propos &#8211; Horizons &amp; Octane<\/h1>\n\n\n\n<p class=\"has-text-align-center wp-block-paragraph\">Bienvenue sur Horizons &amp; Octane.<br><em>Je suis Alexandre Bridenne. J\u2019ai 32 ans, et je suis originaire de Saint-Quentin, dans les Hauts-de-France \u2014 une terre de contrastes que j\u2019aime profond\u00e9ment. Parce qu&rsquo;ici, le ciel est vaste, les lignes droites s\u2019\u00e9tirent \u00e0 l\u2019infini, et l\u2019horizon semble toujours vous inviter ailleurs dans les tons pastels de l&rsquo;\u00e9t\u00e9.<\/em><\/p>\n\n\n\n<figure class=\"wp-block-image size-full is-style-default\"><img loading=\"lazy\" decoding=\"async\" width=\"1895\" height=\"1080\" src=\"https:\/\/horizons-octane.fr\/wp-content\/uploads\/2025\/06\/Horizons-Octane-A-Propos_-2.jpg\" alt=\"\" class=\"wp-image-46\" srcset=\"https:\/\/horizons-octane.fr\/wp-content\/uploads\/2025\/06\/Horizons-Octane-A-Propos_-2.jpg 1895w, https:\/\/horizons-octane.fr\/wp-content\/uploads\/2025\/06\/Horizons-Octane-A-Propos_-2-300x171.jpg 300w, https:\/\/horizons-octane.fr\/wp-content\/uploads\/2025\/06\/Horizons-Octane-A-Propos_-2-1024x584.jpg 1024w, https:\/\/horizons-octane.fr\/wp-content\/uploads\/2025\/06\/Horizons-Octane-A-Propos_-2-768x438.jpg 768w, https:\/\/horizons-octane.fr\/wp-content\/uploads\/2025\/06\/Horizons-Octane-A-Propos_-2-1536x875.jpg 1536w, https:\/\/horizons-octane.fr\/wp-content\/uploads\/2025\/06\/Horizons-Octane-A-Propos_-2-1140x650.jpg 1140w\" sizes=\"auto, (max-width: 1895px) 100vw, 1895px\" \/><\/figure>\n\n\n\n<h2 class=\"wp-block-heading\">Ce que je veux partager<\/h2>\n\n\n\n<p class=\"wp-block-paragraph\">Horizons &amp; Octane c&rsquo;est un carnet de route. Un souffle. Une mani\u00e8re de c\u00e9l\u00e9brer ce qui me touche et me construit et \u00e7a depuis que je ne suis pas plus haut que 3 pommes. <\/p>\n\n\n\n<p class=\"wp-block-paragraph\">Ici, je parlerai de <em><strong>nature<\/strong>, de <strong>belles promenades<\/strong>, de <strong>culture vivante<\/strong>, de <strong>m\u00e9canique<\/strong> et de <strong>beaut\u00e9 simple<\/strong>.<\/em><\/p>\n\n\n\n<p class=\"wp-block-paragraph\">Pour cela, je veux m\u00ealer les vibrations d\u2019un moteur ancien \u00e0 celles d\u2019un vent de bord de mer. L\u2019\u00e9l\u00e9gance d\u2019une courbe automobile \u00e0 celle d\u2019un sentier c\u00f4tier. Que des images que j&rsquo;adore !<\/p>\n\n\n\n<p class=\"wp-block-paragraph\">Il y aura de la lumi\u00e8re, de la douceur, du mouvement. Peut-\u00eatre aussi un peu de nostalgie, toujours bienveillante. Il y aura aussi parfois un peu plus de d\u00e9fis, et d&rsquo;aventures !&#8230;<\/p>\n\n\n\n<h2 class=\"wp-block-heading\">Un regard, des outils<\/h2>\n\n\n\n<p class=\"wp-block-paragraph\">Pour saisir ces instants, je m\u2019appuie sur mon fid\u00e8le <strong>Canon R6 Mark II<\/strong>, que j\u2019associe presque toujours \u00e0 un <strong>50mm f\/1.8<\/strong> \u2014 Simple et efficace.<br>Mon mat\u00e9riel de prises de vue s&rsquo;\u00e9toffera dans quelques temps. <\/p>\n\n\n\n<p class=\"wp-block-paragraph\">En attendant, mon <strong>drone DJI Mavic Air 2<\/strong>, un peu marqu\u00e9 par le temps, m\u2019accompagne encore pour capter la po\u00e9sie des hauteurs. Une autre fa\u00e7on de d\u00e9couvrir ou red\u00e9couvrir un paysage. <\/p>\n\n\n\n<p class=\"wp-block-paragraph\">Enfin J&rsquo;utilise aussi un <strong>Macbook<\/strong> \u00e9quip\u00e9 avec <strong>Lightroom<\/strong>, pour <strong>mes retouches photos<\/strong>. J&rsquo;aimerai avancer \u00e9galement dans la <strong>vid\u00e9o<\/strong> mais reste pour le moment concentr\u00e9 sur la photographie.<\/p>\n\n\n\n<figure class=\"wp-block-image size-full\"><img loading=\"lazy\" decoding=\"async\" width=\"1080\" height=\"1620\" src=\"https:\/\/horizons-octane.fr\/wp-content\/uploads\/2025\/06\/Horizons-Octane-A-Propos_.jpg\" alt=\"\" class=\"wp-image-49\" srcset=\"https:\/\/horizons-octane.fr\/wp-content\/uploads\/2025\/06\/Horizons-Octane-A-Propos_.jpg 1080w, https:\/\/horizons-octane.fr\/wp-content\/uploads\/2025\/06\/Horizons-Octane-A-Propos_-200x300.jpg 200w, https:\/\/horizons-octane.fr\/wp-content\/uploads\/2025\/06\/Horizons-Octane-A-Propos_-683x1024.jpg 683w, https:\/\/horizons-octane.fr\/wp-content\/uploads\/2025\/06\/Horizons-Octane-A-Propos_-768x1152.jpg 768w, https:\/\/horizons-octane.fr\/wp-content\/uploads\/2025\/06\/Horizons-Octane-A-Propos_-1024x1536.jpg 1024w\" sizes=\"auto, (max-width: 1080px) 100vw, 1080px\" \/><\/figure>\n\n\n\n<h2 class=\"wp-block-heading\">Pourquoi ce nom : Horizons &amp; Octane ?<\/h2>\n\n\n\n<p class=\"wp-block-paragraph\">Parce que tout est l\u00e0.<\/p>\n\n\n\n<p class=\"wp-block-paragraph\">L\u2019<strong>horizon<\/strong>, pour ce qu\u2019on esp\u00e8re, ce qu\u2019on poursuit sans fin, ce qui fait r\u00eaver m\u00eame quand on reste immobile.<br>L\u2019<strong>octane<\/strong>, pour l\u2019\u00e9nergie, le moteur, la passion m\u00e9canique qui me suit depuis l\u2019enfance.<\/p>\n\n\n\n<blockquote class=\"wp-block-quote is-layout-flow wp-block-quote-is-layout-flow\">\n<blockquote class=\"wp-block-quote is-layout-flow wp-block-quote-is-layout-flow\">\n<p class=\"wp-block-paragraph\"><em><strong>L&rsquo;horizon comme un destination, l&rsquo;octane comme moyen d&rsquo;avancer.<\/strong><\/em><\/p>\n<\/blockquote>\n<\/blockquote>\n\n\n\n<h2 class=\"wp-block-heading\">Et maintenant ?<\/h2>\n\n\n\n<p class=\"has-text-align-center wp-block-paragraph\">Je t\u2019invite \u00e0 me suivre dans ce voyage sans carte. Que tu sois, amoureux du vent, curieux de tout, passionn\u00e9 ou non d&rsquo;automobile ou simplement de passage : <br> sois le bienvenu ici.<\/p>\n\n\n\n<p class=\"wp-block-paragraph\">Aussi j&rsquo;oubliais : tu peux me laisser ton commentaire, ou m&rsquo;envoyer un message directement depuis la page <strong><em><a href=\"https:\/\/horizons-octane.fr\/index.php\/me-contacter\/\">Me Contacter.<\/a><\/em><\/strong> <\/p>\n\n\n\n<blockquote class=\"wp-block-quote is-layout-flow wp-block-quote-is-layout-flow\">\n<p class=\"has-text-align-right wp-block-paragraph\">A tr\u00e8s bient\u00f4t ! &#8211; Alex<\/p>\n<\/blockquote>\n\n\n\n<figure class=\"wp-block-image size-full\"><img loading=\"lazy\" decoding=\"async\" width=\"1620\" height=\"1080\" src=\"https:\/\/horizons-octane.fr\/wp-content\/uploads\/2025\/06\/Horizons-Octane-A-Propos_-3.jpg\" alt=\"\" class=\"wp-image-48\" srcset=\"https:\/\/horizons-octane.fr\/wp-content\/uploads\/2025\/06\/Horizons-Octane-A-Propos_-3.jpg 1620w, https:\/\/horizons-octane.fr\/wp-content\/uploads\/2025\/06\/Horizons-Octane-A-Propos_-3-300x200.jpg 300w, https:\/\/horizons-octane.fr\/wp-content\/uploads\/2025\/06\/Horizons-Octane-A-Propos_-3-1024x683.jpg 1024w, https:\/\/horizons-octane.fr\/wp-content\/uploads\/2025\/06\/Horizons-Octane-A-Propos_-3-768x512.jpg 768w, https:\/\/horizons-octane.fr\/wp-content\/uploads\/2025\/06\/Horizons-Octane-A-Propos_-3-1536x1024.jpg 1536w, https:\/\/horizons-octane.fr\/wp-content\/uploads\/2025\/06\/Horizons-Octane-A-Propos_-3-1140x760.jpg 1140w\" sizes=\"auto, (max-width: 1620px) 100vw, 1620px\" \/><\/figure>\n\n\n\n<p class=\"has-black-color has-text-color has-link-color wp-elements-9ac00cf961d1ea846fe5a532228b76c6 wp-block-paragraph\"><\/p>\n","protected":false},"excerpt":{"rendered":"<p>A propos &#8211; Horizons &amp; Octane Bienvenue sur Horizons &amp; Octane.Je suis Alexandre Bridenne. J\u2019ai 32 ans, et je suis originaire de Saint-Quentin, dans les Hauts-de-France \u2014 une terre de contrastes que j\u2019aime profond\u00e9ment. Parce qu&rsquo;ici, le ciel est vaste, les lignes droites s\u2019\u00e9tirent \u00e0 l\u2019infini, et l\u2019horizon semble toujours vous inviter ailleurs dans les tons pastels de l&rsquo;\u00e9t\u00e9. Ce que je veux partager Horizons &amp; Octane c&rsquo;est un carnet de route. Un souffle. Une mani\u00e8re de c\u00e9l\u00e9brer ce qui me touche et me construit et \u00e7a depuis que je ne suis pas plus haut que 3 pommes. Ici, je parlerai de nature, de belles promenades, de culture vivante, de m\u00e9canique et de beaut\u00e9 simple. Pour cela, je veux m\u00ealer les vibrations d\u2019un moteur ancien \u00e0 celles d\u2019un vent de bord de mer. L\u2019\u00e9l\u00e9gance d\u2019une courbe automobile \u00e0 celle d\u2019un sentier c\u00f4tier. Que des images que j&rsquo;adore ! Il y aura de la lumi\u00e8re, de la douceur, du mouvement. Peut-\u00eatre aussi un peu de nostalgie, toujours bienveillante. Il y aura aussi parfois un peu plus de d\u00e9fis, et d&rsquo;aventures !&#8230; Un regard, des outils Pour saisir ces instants, je m\u2019appuie sur mon fid\u00e8le Canon R6 Mark II, que j\u2019associe presque toujours \u00e0 un 50mm f\/1.8 \u2014 Simple et efficace.Mon mat\u00e9riel de prises de vue s&rsquo;\u00e9toffera dans quelques temps. En attendant, mon drone DJI Mavic Air 2, un peu marqu\u00e9 par le temps, m\u2019accompagne encore pour capter la po\u00e9sie des hauteurs. Une autre fa\u00e7on de d\u00e9couvrir ou red\u00e9couvrir un paysage. Enfin J&rsquo;utilise aussi un Macbook \u00e9quip\u00e9 avec Lightroom, pour mes retouches photos. J&rsquo;aimerai avancer \u00e9galement dans la vid\u00e9o mais reste pour le moment concentr\u00e9 sur la photographie. Pourquoi ce nom : Horizons &amp; Octane ? Parce que tout est l\u00e0. L\u2019horizon, pour ce qu\u2019on esp\u00e8re, ce qu\u2019on poursuit sans fin, ce qui fait r\u00eaver m\u00eame quand on reste immobile.L\u2019octane, pour l\u2019\u00e9nergie, le moteur, la passion m\u00e9canique qui me suit depuis l\u2019enfance. Et maintenant ? Je t\u2019invite \u00e0 me suivre dans ce voyage sans carte. Que tu sois, amoureux du vent, curieux de tout, passionn\u00e9 ou non d&rsquo;automobile ou simplement de passage : sois le bienvenu ici. Aussi j&rsquo;oubliais : tu peux me laisser ton commentaire, ou m&rsquo;envoyer un message directement depuis la page Me Contacter. A tr\u00e8s bient\u00f4t ! &#8211; Alex<\/p>\n","protected":false},"author":1,"featured_media":46,"parent":0,"menu_order":0,"comment_status":"closed","ping_status":"closed","template":"","meta":{"_crdt_document":"","footnotes":""},"class_list":["post-41","page","type-page","status-publish","has-post-thumbnail","hentry"],"yoast_head":"<!-- This site is optimized with the Yoast SEO plugin v27.3 - https:\/\/yoast.com\/product\/yoast-seo-wordpress\/ -->\n<title>A propos - Horizons &amp; Octane<\/title>\n<meta name=\"description\" content=\"D\u00e9couvrez Horizons &amp; Octane, le blog d\u2019Alexandre Bridenne entre nature, balades, culture et passion automobile.\" \/>\n<meta name=\"robots\" content=\"index, follow, max-snippet:-1, max-image-preview:large, max-video-preview:-1\" \/>\n<link rel=\"canonical\" href=\"https:\/\/horizons-octane.fr\/index.php\/a-propos\/\" \/>\n<meta property=\"og:locale\" content=\"fr_FR\" \/>\n<meta property=\"og:type\" content=\"article\" \/>\n<meta property=\"og:title\" content=\"A propos - Horizons &amp; Octane\" \/>\n<meta property=\"og:description\" content=\"D\u00e9couvrez Horizons &amp; Octane, le blog d\u2019Alexandre Bridenne entre nature, balades, culture et passion automobile.\" \/>\n<meta property=\"og:url\" content=\"https:\/\/horizons-octane.fr\/index.php\/a-propos\/\" \/>\n<meta property=\"og:site_name\" content=\"Horizons &amp; Octane\" \/>\n<meta property=\"article:modified_time\" content=\"2025-06-17T09:59:40+00:00\" \/>\n<meta property=\"og:image\" content=\"https:\/\/horizons-octane.fr\/wp-content\/uploads\/2025\/06\/Horizons-Octane-A-Propos_-2.jpg\" \/>\n\t<meta property=\"og:image:width\" content=\"1895\" \/>\n\t<meta property=\"og:image:height\" content=\"1080\" \/>\n\t<meta property=\"og:image:type\" content=\"image\/jpeg\" \/>\n<meta name=\"twitter:card\" content=\"summary_large_image\" \/>\n<meta name=\"twitter:label1\" content=\"Dur\u00e9e de lecture estim\u00e9e\" \/>\n\t<meta name=\"twitter:data1\" content=\"3 minutes\" \/>\n<script type=\"application\/ld+json\" class=\"yoast-schema-graph\">{\"@context\":\"https:\\\/\\\/schema.org\",\"@graph\":[{\"@type\":\"WebPage\",\"@id\":\"https:\\\/\\\/horizons-octane.fr\\\/index.php\\\/a-propos\\\/\",\"url\":\"https:\\\/\\\/horizons-octane.fr\\\/index.php\\\/a-propos\\\/\",\"name\":\"A propos - Horizons &amp; Octane\",\"isPartOf\":{\"@id\":\"https:\\\/\\\/horizons-octane.fr\\\/#website\"},\"primaryImageOfPage\":{\"@id\":\"https:\\\/\\\/horizons-octane.fr\\\/index.php\\\/a-propos\\\/#primaryimage\"},\"image\":{\"@id\":\"https:\\\/\\\/horizons-octane.fr\\\/index.php\\\/a-propos\\\/#primaryimage\"},\"thumbnailUrl\":\"https:\\\/\\\/horizons-octane.fr\\\/wp-content\\\/uploads\\\/2025\\\/06\\\/Horizons-Octane-A-Propos_-2.jpg\",\"datePublished\":\"2025-06-17T09:51:09+00:00\",\"dateModified\":\"2025-06-17T09:59:40+00:00\",\"description\":\"D\u00e9couvrez Horizons & Octane, le blog d\u2019Alexandre Bridenne entre nature, balades, culture et passion automobile.\",\"breadcrumb\":{\"@id\":\"https:\\\/\\\/horizons-octane.fr\\\/index.php\\\/a-propos\\\/#breadcrumb\"},\"inLanguage\":\"fr-FR\",\"potentialAction\":[{\"@type\":\"ReadAction\",\"target\":[\"https:\\\/\\\/horizons-octane.fr\\\/index.php\\\/a-propos\\\/\"]}]},{\"@type\":\"ImageObject\",\"inLanguage\":\"fr-FR\",\"@id\":\"https:\\\/\\\/horizons-octane.fr\\\/index.php\\\/a-propos\\\/#primaryimage\",\"url\":\"https:\\\/\\\/horizons-octane.fr\\\/wp-content\\\/uploads\\\/2025\\\/06\\\/Horizons-Octane-A-Propos_-2.jpg\",\"contentUrl\":\"https:\\\/\\\/horizons-octane.fr\\\/wp-content\\\/uploads\\\/2025\\\/06\\\/Horizons-Octane-A-Propos_-2.jpg\",\"width\":1895,\"height\":1080},{\"@type\":\"BreadcrumbList\",\"@id\":\"https:\\\/\\\/horizons-octane.fr\\\/index.php\\\/a-propos\\\/#breadcrumb\",\"itemListElement\":[{\"@type\":\"ListItem\",\"position\":1,\"name\":\"Accueil\",\"item\":\"https:\\\/\\\/horizons-octane.fr\\\/\"},{\"@type\":\"ListItem\",\"position\":2,\"name\":\"A propos\"}]},{\"@type\":\"WebSite\",\"@id\":\"https:\\\/\\\/horizons-octane.fr\\\/#website\",\"url\":\"https:\\\/\\\/horizons-octane.fr\\\/\",\"name\":\"Horizons & Octane\",\"description\":\"Exploration visuelle et m\u00e9morables\",\"publisher\":{\"@id\":\"https:\\\/\\\/horizons-octane.fr\\\/#\\\/schema\\\/person\\\/bc17e2d50dbfa54f7b5cd2adfcdbf8dc\"},\"potentialAction\":[{\"@type\":\"SearchAction\",\"target\":{\"@type\":\"EntryPoint\",\"urlTemplate\":\"https:\\\/\\\/horizons-octane.fr\\\/?s={search_term_string}\"},\"query-input\":{\"@type\":\"PropertyValueSpecification\",\"valueRequired\":true,\"valueName\":\"search_term_string\"}}],\"inLanguage\":\"fr-FR\"},{\"@type\":[\"Person\",\"Organization\"],\"@id\":\"https:\\\/\\\/horizons-octane.fr\\\/#\\\/schema\\\/person\\\/bc17e2d50dbfa54f7b5cd2adfcdbf8dc\",\"name\":\"Alexandre Bridenne\",\"image\":{\"@type\":\"ImageObject\",\"inLanguage\":\"fr-FR\",\"@id\":\"https:\\\/\\\/horizons-octane.fr\\\/wp-content\\\/uploads\\\/2025\\\/06\\\/cropped-Horizons-Octane-.png\",\"url\":\"https:\\\/\\\/horizons-octane.fr\\\/wp-content\\\/uploads\\\/2025\\\/06\\\/cropped-Horizons-Octane-.png\",\"contentUrl\":\"https:\\\/\\\/horizons-octane.fr\\\/wp-content\\\/uploads\\\/2025\\\/06\\\/cropped-Horizons-Octane-.png\",\"width\":811,\"height\":719,\"caption\":\"Alexandre Bridenne\"},\"logo\":{\"@id\":\"https:\\\/\\\/horizons-octane.fr\\\/wp-content\\\/uploads\\\/2025\\\/06\\\/cropped-Horizons-Octane-.png\"},\"sameAs\":[\"http:\\\/\\\/horizons-octane.fr\"]}]}<\/script>\n<!-- \/ Yoast SEO plugin. -->","yoast_head_json":{"title":"A propos - Horizons &amp; Octane","description":"D\u00e9couvrez Horizons & Octane, le blog d\u2019Alexandre Bridenne entre nature, balades, culture et passion automobile.","robots":{"index":"index","follow":"follow","max-snippet":"max-snippet:-1","max-image-preview":"max-image-preview:large","max-video-preview":"max-video-preview:-1"},"canonical":"https:\/\/horizons-octane.fr\/index.php\/a-propos\/","og_locale":"fr_FR","og_type":"article","og_title":"A propos - Horizons &amp; Octane","og_description":"D\u00e9couvrez Horizons & Octane, le blog d\u2019Alexandre Bridenne entre nature, balades, culture et passion automobile.","og_url":"https:\/\/horizons-octane.fr\/index.php\/a-propos\/","og_site_name":"Horizons &amp; Octane","article_modified_time":"2025-06-17T09:59:40+00:00","og_image":[{"width":1895,"height":1080,"url":"https:\/\/horizons-octane.fr\/wp-content\/uploads\/2025\/06\/Horizons-Octane-A-Propos_-2.jpg","type":"image\/jpeg"}],"twitter_card":"summary_large_image","twitter_misc":{"Dur\u00e9e de lecture estim\u00e9e":"3 minutes"},"schema":{"@context":"https:\/\/schema.org","@graph":[{"@type":"WebPage","@id":"https:\/\/horizons-octane.fr\/index.php\/a-propos\/","url":"https:\/\/horizons-octane.fr\/index.php\/a-propos\/","name":"A propos - Horizons &amp; Octane","isPartOf":{"@id":"https:\/\/horizons-octane.fr\/#website"},"primaryImageOfPage":{"@id":"https:\/\/horizons-octane.fr\/index.php\/a-propos\/#primaryimage"},"image":{"@id":"https:\/\/horizons-octane.fr\/index.php\/a-propos\/#primaryimage"},"thumbnailUrl":"https:\/\/horizons-octane.fr\/wp-content\/uploads\/2025\/06\/Horizons-Octane-A-Propos_-2.jpg","datePublished":"2025-06-17T09:51:09+00:00","dateModified":"2025-06-17T09:59:40+00:00","description":"D\u00e9couvrez Horizons & Octane, le blog d\u2019Alexandre Bridenne entre nature, balades, culture et passion automobile.","breadcrumb":{"@id":"https:\/\/horizons-octane.fr\/index.php\/a-propos\/#breadcrumb"},"inLanguage":"fr-FR","potentialAction":[{"@type":"ReadAction","target":["https:\/\/horizons-octane.fr\/index.php\/a-propos\/"]}]},{"@type":"ImageObject","inLanguage":"fr-FR","@id":"https:\/\/horizons-octane.fr\/index.php\/a-propos\/#primaryimage","url":"https:\/\/horizons-octane.fr\/wp-content\/uploads\/2025\/06\/Horizons-Octane-A-Propos_-2.jpg","contentUrl":"https:\/\/horizons-octane.fr\/wp-content\/uploads\/2025\/06\/Horizons-Octane-A-Propos_-2.jpg","width":1895,"height":1080},{"@type":"BreadcrumbList","@id":"https:\/\/horizons-octane.fr\/index.php\/a-propos\/#breadcrumb","itemListElement":[{"@type":"ListItem","position":1,"name":"Accueil","item":"https:\/\/horizons-octane.fr\/"},{"@type":"ListItem","position":2,"name":"A propos"}]},{"@type":"WebSite","@id":"https:\/\/horizons-octane.fr\/#website","url":"https:\/\/horizons-octane.fr\/","name":"Horizons & Octane","description":"Exploration visuelle et m\u00e9morables","publisher":{"@id":"https:\/\/horizons-octane.fr\/#\/schema\/person\/bc17e2d50dbfa54f7b5cd2adfcdbf8dc"},"potentialAction":[{"@type":"SearchAction","target":{"@type":"EntryPoint","urlTemplate":"https:\/\/horizons-octane.fr\/?s={search_term_string}"},"query-input":{"@type":"PropertyValueSpecification","valueRequired":true,"valueName":"search_term_string"}}],"inLanguage":"fr-FR"},{"@type":["Person","Organization"],"@id":"https:\/\/horizons-octane.fr\/#\/schema\/person\/bc17e2d50dbfa54f7b5cd2adfcdbf8dc","name":"Alexandre Bridenne","image":{"@type":"ImageObject","inLanguage":"fr-FR","@id":"https:\/\/horizons-octane.fr\/wp-content\/uploads\/2025\/06\/cropped-Horizons-Octane-.png","url":"https:\/\/horizons-octane.fr\/wp-content\/uploads\/2025\/06\/cropped-Horizons-Octane-.png","contentUrl":"https:\/\/horizons-octane.fr\/wp-content\/uploads\/2025\/06\/cropped-Horizons-Octane-.png","width":811,"height":719,"caption":"Alexandre Bridenne"},"logo":{"@id":"https:\/\/horizons-octane.fr\/wp-content\/uploads\/2025\/06\/cropped-Horizons-Octane-.png"},"sameAs":["http:\/\/horizons-octane.fr"]}]}},"jetpack_sharing_enabled":true,"_links":{"self":[{"href":"https:\/\/horizons-octane.fr\/index.php\/wp-json\/wp\/v2\/pages\/41","targetHints":{"allow":["GET"]}}],"collection":[{"href":"https:\/\/horizons-octane.fr\/index.php\/wp-json\/wp\/v2\/pages"}],"about":[{"href":"https:\/\/horizons-octane.fr\/index.php\/wp-json\/wp\/v2\/types\/page"}],"author":[{"embeddable":true,"href":"https:\/\/horizons-octane.fr\/index.php\/wp-json\/wp\/v2\/users\/1"}],"replies":[{"embeddable":true,"href":"https:\/\/horizons-octane.fr\/index.php\/wp-json\/wp\/v2\/comments?post=41"}],"version-history":[{"count":8,"href":"https:\/\/horizons-octane.fr\/index.php\/wp-json\/wp\/v2\/pages\/41\/revisions"}],"predecessor-version":[{"id":68,"href":"https:\/\/horizons-octane.fr\/index.php\/wp-json\/wp\/v2\/pages\/41\/revisions\/68"}],"wp:featuredmedia":[{"embeddable":true,"href":"https:\/\/horizons-octane.fr\/index.php\/wp-json\/wp\/v2\/media\/46"}],"wp:attachment":[{"href":"https:\/\/horizons-octane.fr\/index.php\/wp-json\/wp\/v2\/media?parent=41"}],"curies":[{"name":"wp","href":"https:\/\/api.w.org\/{rel}","templated":true}]}}